{"id":180,"date":"2020-11-08T18:54:39","date_gmt":"2020-11-08T17:54:39","guid":{"rendered":"http:\/\/iarbxria.web.belwue.de\/?page_id=180"},"modified":"2022-10-11T14:35:17","modified_gmt":"2022-10-11T12:35:17","slug":"leitbild-3","status":"publish","type":"page","link":"https:\/\/pestalozzischule-eislingen.de\/?page_id=180","title":{"rendered":"Leitbild"},"content":{"rendered":"<p><img loading=\"lazy\" decoding=\"async\" class=\"alignnone wp-image-68\" src=\"https:\/\/pestalozzischule-eislingen.de\/wp-content\/uploads\/2020\/11\/leitbild-300x75.jpg\" alt=\"Leitbild der Schule\" width=\"540\" height=\"135\" srcset=\"https:\/\/pestalozzischule-eislingen.de\/wp-content\/uploads\/2020\/11\/leitbild-300x75.jpg 300w, https:\/\/pestalozzischule-eislingen.de\/wp-content\/uploads\/2020\/11\/leitbild.jpg 480w\" sizes=\"auto, (max-width: 540px) 100vw, 540px\" \/><\/p>\n<hr \/>\n<p><u>Daraus haben wir folgende Leits\u00e4tze\u00a0entwickelt:<\/u><\/p>\n<p><img loading=\"lazy\" decoding=\"async\" class=\"wp-image-587 alignnone\" src=\"https:\/\/pestalozzischule-eislingen.de\/wp-content\/uploads\/2021\/07\/P-1.png\" alt=\"\" width=\"50\" height=\"63\" \/> artnerschaftlicher und respektvoller Umgang aller am Schulleben Beteiligten.<\/p>\n<p><img loading=\"lazy\" decoding=\"async\" class=\"alignnone wp-image-576\" src=\"https:\/\/pestalozzischule-eislingen.de\/wp-content\/uploads\/2021\/07\/E.png\" alt=\"\" width=\"50\" height=\"63\" \/>rziehung der Sch\u00fclerinnen und Sch\u00fcler zu individuellen und handlungsf\u00e4higen Pers\u00f6nlichkeiten mit einem guten, wirklichkeitsnahen Selbstwertgef\u00fchl.<\/p>\n<p><img loading=\"lazy\" decoding=\"async\" class=\"wp-image-583 alignnone\" src=\"https:\/\/pestalozzischule-eislingen.de\/wp-content\/uploads\/2021\/07\/S.png\" alt=\"\" width=\"50\" height=\"63\" \/>t\u00e4rken der Sch\u00fclerinnen und Sch\u00fcler erkennen und f\u00f6rdern.<\/p>\n<p><img loading=\"lazy\" decoding=\"async\" class=\"alignnone wp-image-584\" src=\"https:\/\/pestalozzischule-eislingen.de\/wp-content\/uploads\/2021\/07\/T.png\" alt=\"\" width=\"50\" height=\"63\" \/>oleranz f\u00fcreinander sowie gegenseitige R\u00fccksichtnahme, damit alle ohne St\u00f6rung lernen und arbeiten k\u00f6nnen.<\/p>\n<p><img loading=\"lazy\" decoding=\"async\" class=\"alignnone wp-image-577\" src=\"https:\/\/pestalozzischule-eislingen.de\/wp-content\/uploads\/2021\/07\/A.png\" alt=\"\" width=\"50\" height=\"63\" \/>ktivit\u00e4ten in der Schule und mit der Schule erleben.<\/p>\n<p><img loading=\"lazy\" decoding=\"async\" class=\"alignnone wp-image-581\" src=\"https:\/\/pestalozzischule-eislingen.de\/wp-content\/uploads\/2021\/07\/L.png\" alt=\"\" width=\"50\" height=\"63\" \/>ernen mit Kopf, Herz und Hand.<\/p>\n<p><img loading=\"lazy\" decoding=\"async\" class=\"alignnone wp-image-591\" src=\"https:\/\/pestalozzischule-eislingen.de\/wp-content\/uploads\/2021\/07\/O.png\" alt=\"\" width=\"50\" height=\"56\" \/>rdnung und die Einhaltung von Regeln sorgen daf\u00fcr, dass wir uns wohl f\u00fchlen, miteinander lachen, weinen und auch feiern k\u00f6nnen.<\/p>\n<p><img loading=\"lazy\" decoding=\"async\" class=\"alignnone wp-image-586\" src=\"https:\/\/pestalozzischule-eislingen.de\/wp-content\/uploads\/2021\/07\/Z.png\" alt=\"\" width=\"50\" height=\"63\" \/>ufriedenheit zu erreichen ist unser gemeinsames Ziel.<\/p>\n<p><img loading=\"lazy\" decoding=\"async\" class=\"alignnone wp-image-586\" src=\"https:\/\/pestalozzischule-eislingen.de\/wp-content\/uploads\/2021\/07\/Z.png\" alt=\"\" width=\"50\" height=\"63\" \/>usammenarbeit mit Schulen, Institutionen, Betrieben und Vereinen ist f\u00fcr unsere Sch\u00fclerinnen und Sch\u00fcler bedeutsam.<\/p>\n<p><img loading=\"lazy\" decoding=\"async\" class=\"alignnone wp-image-580\" src=\"https:\/\/pestalozzischule-eislingen.de\/wp-content\/uploads\/2021\/07\/I.png\" alt=\"\" width=\"50\" height=\"63\" \/>ntegration aller Kulturen an unserer Schule im Sinne eines friedlichen Miteinanders.<\/p>\n","protected":false},"excerpt":{"rendered":"<p>Daraus haben wir folgende Leits\u00e4tze\u00a0entwickelt: artnerschaftlicher und respektvoller Umgang aller am Schulleben Beteiligten. rziehung der Sch\u00fclerinnen und Sch\u00fcler zu individuellen &hellip; <\/p>\n","protected":false},"author":1,"featured_media":0,"parent":121,"menu_order":0,"comment_status":"closed","ping_status":"closed","template":"","meta":{"footnotes":""},"class_list":["post-180","page","type-page","status-publish","hentry"],"_links":{"self":[{"href":"https:\/\/pestalozzischule-eislingen.de\/index.php?rest_route=\/wp\/v2\/pages\/180","targetHints":{"allow":["GET"]}}],"collection":[{"href":"https:\/\/pestalozzischule-eislingen.de\/index.php?rest_route=\/wp\/v2\/pages"}],"about":[{"href":"https:\/\/pestalozzischule-eislingen.de\/index.php?rest_route=\/wp\/v2\/types\/page"}],"author":[{"embeddable":true,"href":"https:\/\/pestalozzischule-eislingen.de\/index.php?rest_route=\/wp\/v2\/users\/1"}],"replies":[{"embeddable":true,"href":"https:\/\/pestalozzischule-eislingen.de\/index.php?rest_route=%2Fwp%2Fv2%2Fcomments&post=180"}],"version-history":[{"count":15,"href":"https:\/\/pestalozzischule-eislingen.de\/index.php?rest_route=\/wp\/v2\/pages\/180\/revisions"}],"predecessor-version":[{"id":970,"href":"https:\/\/pestalozzischule-eislingen.de\/index.php?rest_route=\/wp\/v2\/pages\/180\/revisions\/970"}],"up":[{"embeddable":true,"href":"https:\/\/pestalozzischule-eislingen.de\/index.php?rest_route=\/wp\/v2\/pages\/121"}],"wp:attachment":[{"href":"https:\/\/pestalozzischule-eislingen.de\/index.php?rest_route=%2Fwp%2Fv2%2Fmedia&parent=180"}],"curies":[{"name":"wp","href":"https:\/\/api.w.org\/{rel}","templated":true}]}}