{"id":182,"date":"2020-11-08T18:54:39","date_gmt":"2020-11-08T17:54:39","guid":{"rendered":"http:\/\/iarbxria.web.belwue.de\/?page_id=182"},"modified":"2022-08-06T11:21:33","modified_gmt":"2022-08-06T09:21:33","slug":"bildungs-und-beratungszentrum","status":"publish","type":"page","link":"https:\/\/pestalozzischule-eislingen.de\/?page_id=182","title":{"rendered":"Bildungs- und Beratungszentrum"},"content":{"rendered":"<div class=\"n2_ss_slider_publish__option_code\" dir=\"ltr\" data-mode=\"id\"><\/div>\n<div dir=\"ltr\" data-mode=\"id\"><\/div>\n<div dir=\"ltr\" data-mode=\"id\">\n<p>Als <strong>Sonderp\u00e4dagogisches Bildungs- und Beratungszentrum mit F\u00f6rderschwerpunkt Lernen <\/strong>haben wir folgende Aufgaben:<\/p>\n<h3><strong>BILDUNG:<\/strong><\/h3>\n<p>Kinder mit einem festgestellten sonderp\u00e4dagogischen Bildungsanspruch im Bereich Lernen k\u00f6nnen:<\/p>\n<p><strong>1. Die Pestalozzischule besuchen<\/strong><br \/>\nIm Sonderp\u00e4dagogischen Bildungs- und Beratungszentrum (SBBZ) unterrichten <strong>speziell ausgebildete Lehrkr\u00e4fte<\/strong> (Sonderp\u00e4dagoginnen und -p\u00e4dagogen) <strong>in kleinen Lerngruppen<\/strong> von 8-15 Sch\u00fclerinnen und Sch\u00fclern.<br \/>\nKennzeichen des sonderp\u00e4dagogischen Unterrichts ist u. a. die <strong>individuelle<\/strong>, auf den Leistungsstand des einzelnen Kindes ausgerichtete Vorgehensweise und eine <strong>umfassende und fachlich kompetente F\u00f6rderung<\/strong>.<br \/>\nMehr Infos gibt es <a href=\"http:\/\/s915407004.online.de\/arbeitsbereiche\/bildung-2\/\">hier<\/a>.<\/p>\n<p><strong>2. Eine Regelschule besuchen <\/strong><br \/>\nKinder mit einem sonderp\u00e4dagogischen Bildungsanspruch k\u00f6nnen auch eine Regelschule besuchen (<strong>Inklusion<\/strong>). Dabei sind sie Sch\u00fcler der allgemeinen Schule und besuchen dort den entsprechenden Unterricht im Klassenverband. Diese inklusiven Sch\u00fclerinnen und Sch\u00fcler werden jedoch nach dem <strong>Bildungsplan des entsprechenden Bildungsanspruchs<\/strong> (z.B. mit dem F\u00f6rderschwerpunkt Lernen) unterrichtet. Das Staatliche Schulamt entscheidet, <strong>an welcher Schule die Inklusion stattfindet<\/strong>. Die jeweiligen Sch\u00fclerinnen und Sch\u00fcler werden von unserer Schule mit sonderp\u00e4dagogischer Kompetenz stundenweise unterst\u00fctzt.<br \/>\nMehr Infos gibt es <a href=\"http:\/\/s915407004.online.de\/arbeitsbereiche\/inklusion-2\/\">hier<\/a>.<\/p>\n<h3><strong>BERATUNG:<\/strong><\/h3>\n<p><strong>1.<\/strong> Kleinkinder, die in ihrer Entwicklung auff\u00e4llig sind, k\u00f6nnen die Beratung und Unterst\u00fctzung der <strong>Fr\u00fchf\u00f6rderstelle<\/strong> erhalten. Diese Beratungsstelle ist an unserer Schule angegliedert, arbeitet jedoch unabh\u00e4ngig von der Pestalozzischule.<br \/>\nMehr Infos und Kontaktm\u00f6glichkeiten gibt es <a href=\"http:\/\/s915407004.online.de\/arbeitsbereiche\/fruehberatung-2\/\">hier<\/a>.<\/p>\n<p><strong>2.<\/strong> Eltern, deren Kinder zur Einschulung anstehen, bzw. Kinder und Jugendliche, die bereits die Schule besuchen, k\u00f6nnen den <strong>Sonderp\u00e4dagogischen Dienst<\/strong> hinzuziehen. Die Pestalozzischule ist f\u00fcr die Schulorte Eislingen, Salach und Ottenbach zust\u00e4ndig.<br \/>\nMehr Infos dazu gibt es <a href=\"http:\/\/s915407004.online.de\/arbeitsbereiche\/sonderpaedagogischer-dienst-2\/\">hier<\/a>.<\/p>\n<\/div>\n<div dir=\"ltr\" data-mode=\"id\"><\/div>\n","protected":false},"excerpt":{"rendered":"<p>Als Sonderp\u00e4dagogisches Bildungs- und Beratungszentrum mit F\u00f6rderschwerpunkt Lernen haben wir folgende Aufgaben: BILDUNG: Kinder mit einem festgestellten sonderp\u00e4dagogischen Bildungsanspruch im &hellip; <\/p>\n","protected":false},"author":1,"featured_media":0,"parent":121,"menu_order":0,"comment_status":"closed","ping_status":"closed","template":"","meta":{"footnotes":""},"class_list":["post-182","page","type-page","status-publish","hentry"],"_links":{"self":[{"href":"https:\/\/pestalozzischule-eislingen.de\/index.php?rest_route=\/wp\/v2\/pages\/182","targetHints":{"allow":["GET"]}}],"collection":[{"href":"https:\/\/pestalozzischule-eislingen.de\/index.php?rest_route=\/wp\/v2\/pages"}],"about":[{"href":"https:\/\/pestalozzischule-eislingen.de\/index.php?rest_route=\/wp\/v2\/types\/page"}],"author":[{"embeddable":true,"href":"https:\/\/pestalozzischule-eislingen.de\/index.php?rest_route=\/wp\/v2\/users\/1"}],"replies":[{"embeddable":true,"href":"https:\/\/pestalozzischule-eislingen.de\/index.php?rest_route=%2Fwp%2Fv2%2Fcomments&post=182"}],"version-history":[{"count":14,"href":"https:\/\/pestalozzischule-eislingen.de\/index.php?rest_route=\/wp\/v2\/pages\/182\/revisions"}],"predecessor-version":[{"id":690,"href":"https:\/\/pestalozzischule-eislingen.de\/index.php?rest_route=\/wp\/v2\/pages\/182\/revisions\/690"}],"up":[{"embeddable":true,"href":"https:\/\/pestalozzischule-eislingen.de\/index.php?rest_route=\/wp\/v2\/pages\/121"}],"wp:attachment":[{"href":"https:\/\/pestalozzischule-eislingen.de\/index.php?rest_route=%2Fwp%2Fv2%2Fmedia&parent=182"}],"curies":[{"name":"wp","href":"https:\/\/api.w.org\/{rel}","templated":true}]}}