{"id":183,"date":"2020-11-08T18:54:39","date_gmt":"2020-11-08T17:54:39","guid":{"rendered":"http:\/\/iarbxria.web.belwue.de\/?page_id=183"},"modified":"2022-10-11T14:36:52","modified_gmt":"2022-10-11T12:36:52","slug":"schulsozialarbeit-2","status":"publish","type":"page","link":"https:\/\/pestalozzischule-eislingen.de\/?page_id=183","title":{"rendered":"Schulsozialarbeit"},"content":{"rendered":"<p>Die Schulsozialarbeit ist ein eigenes Arbeitsfeld im Gesamtkontext der Pestalozzischule Eislingen und versteht sich als erg\u00e4nzender und kooperativer Baustein der Sonderp\u00e4dagogik. Sie bietet Sch\u00fclern, Eltern und Lehrern sozialp\u00e4dagogische Hilfsformen an, um Probleme fr\u00fchzeitig zu erkennen und angemessen darauf zu reagieren.<\/p>\n<p><img loading=\"lazy\" decoding=\"async\" class=\"alignnone size-medium wp-image-66\" src=\"https:\/\/pestalozzischule-eislingen.de\/wp-content\/uploads\/2020\/11\/family-300x300.png\" alt=\"\" width=\"300\" height=\"300\" srcset=\"https:\/\/pestalozzischule-eislingen.de\/wp-content\/uploads\/2020\/11\/family-300x300.png 300w, https:\/\/pestalozzischule-eislingen.de\/wp-content\/uploads\/2020\/11\/family-150x150.png 150w, https:\/\/pestalozzischule-eislingen.de\/wp-content\/uploads\/2020\/11\/family-70x70.png 70w, https:\/\/pestalozzischule-eislingen.de\/wp-content\/uploads\/2020\/11\/family-246x246.png 246w, https:\/\/pestalozzischule-eislingen.de\/wp-content\/uploads\/2020\/11\/family-276x276.png 276w, https:\/\/pestalozzischule-eislingen.de\/wp-content\/uploads\/2020\/11\/family-125x125.png 125w, https:\/\/pestalozzischule-eislingen.de\/wp-content\/uploads\/2020\/11\/family.png 640w\" sizes=\"auto, (max-width: 300px) 100vw, 300px\" \/><\/p>\n<p><strong>Schulsozialarbeit<\/strong> <strong>ist \u2026 <\/strong>zuh\u00f6ren, ermutigen, motivieren, helfen, unterst\u00fctzen, vertrauen, beraten, informieren, aufkl\u00e4ren, begleiten, vernetzen, vermitteln, ver\u00e4ndern, vorbeugen, unterbrechen, schlichten, anbieten, best\u00e4rken, teilnehmen\u2026 und noch mehr?<\/p>\n<p>Die Weitergabe von Inhalten aus Gespr\u00e4chen mit der Schulsozialarbeit und die Einbeziehung weiterer Personen oder Institutionen geschehen nur unter ausdr\u00fccklicher Zustimmung oder in einer Gef\u00e4hrdungssituation.<\/p>\n<p>Schulsozialarbeit ist ein Angebot der Jugendhilfe nach den Grunds\u00e4tzen des Kinder- und Jugendhilfegesetzes und wird durch das Landratsamt aus Mitteln des Landkreises G\u00f6ppingen und der Stadt Eislingen\u00a0sowie durch das Ministerium f\u00fcr Arbeit und Sozialordnung, Familie und Senioren aus Mitteln des Landes Baden-W\u00fcrttemberg unterst\u00fctzt.<\/p>\n<p><strong>Ansprechpartnerin:<\/strong><\/p>\n<p>Ursula Klug<br \/>\nDiplomsozialp\u00e4dagogin<\/p>\n<p>Tel: 07161\/98463-16<\/p>\n<p>E-Mail: <a href=\"mailto:schulsozialarbeit@pestalozzischule-eislingen.de\">schulsozialarbeit@pestalozzischule-eislingen.de<\/a><\/p>\n","protected":false},"excerpt":{"rendered":"<p>Die Schulsozialarbeit ist ein eigenes Arbeitsfeld im Gesamtkontext der Pestalozzischule Eislingen und versteht sich als erg\u00e4nzender und kooperativer Baustein der &hellip; <\/p>\n","protected":false},"author":1,"featured_media":0,"parent":121,"menu_order":0,"comment_status":"closed","ping_status":"closed","template":"","meta":{"footnotes":""},"class_list":["post-183","page","type-page","status-publish","hentry"],"_links":{"self":[{"href":"https:\/\/pestalozzischule-eislingen.de\/index.php?rest_route=\/wp\/v2\/pages\/183","targetHints":{"allow":["GET"]}}],"collection":[{"href":"https:\/\/pestalozzischule-eislingen.de\/index.php?rest_route=\/wp\/v2\/pages"}],"about":[{"href":"https:\/\/pestalozzischule-eislingen.de\/index.php?rest_route=\/wp\/v2\/types\/page"}],"author":[{"embeddable":true,"href":"https:\/\/pestalozzischule-eislingen.de\/index.php?rest_route=\/wp\/v2\/users\/1"}],"replies":[{"embeddable":true,"href":"https:\/\/pestalozzischule-eislingen.de\/index.php?rest_route=%2Fwp%2Fv2%2Fcomments&post=183"}],"version-history":[{"count":4,"href":"https:\/\/pestalozzischule-eislingen.de\/index.php?rest_route=\/wp\/v2\/pages\/183\/revisions"}],"predecessor-version":[{"id":971,"href":"https:\/\/pestalozzischule-eislingen.de\/index.php?rest_route=\/wp\/v2\/pages\/183\/revisions\/971"}],"up":[{"embeddable":true,"href":"https:\/\/pestalozzischule-eislingen.de\/index.php?rest_route=\/wp\/v2\/pages\/121"}],"wp:attachment":[{"href":"https:\/\/pestalozzischule-eislingen.de\/index.php?rest_route=%2Fwp%2Fv2%2Fmedia&parent=183"}],"curies":[{"name":"wp","href":"https:\/\/api.w.org\/{rel}","templated":true}]}}