{"id":184,"date":"2020-11-08T18:54:39","date_gmt":"2020-11-08T17:54:39","guid":{"rendered":"http:\/\/iarbxria.web.belwue.de\/?page_id=184"},"modified":"2023-09-17T11:41:42","modified_gmt":"2023-09-17T09:41:42","slug":"smv-2","status":"publish","type":"page","link":"https:\/\/pestalozzischule-eislingen.de\/?page_id=184","title":{"rendered":"SMV"},"content":{"rendered":"<p><img loading=\"lazy\" decoding=\"async\" class=\"alignnone size-medium wp-image-73\" src=\"https:\/\/pestalozzischule-eislingen.de\/wp-content\/uploads\/2020\/11\/smv-logo1-300x228.jpg\" alt=\"\" width=\"300\" height=\"228\" srcset=\"https:\/\/pestalozzischule-eislingen.de\/wp-content\/uploads\/2020\/11\/smv-logo1-300x228.jpg 300w, https:\/\/pestalozzischule-eislingen.de\/wp-content\/uploads\/2020\/11\/smv-logo1.jpg 640w\" sizes=\"auto, (max-width: 300px) 100vw, 300px\" \/><\/p>\n<p>Die Sch\u00fclermitverantwortung (SMV) setzt sich zusammen aus den Klassensprechern und -sprecherinnen und den jeweiligen Stellvertretern ab\u00a0 der 5. Klassenstufe.<\/p>\n<p>In den ersten Wochen wird von der SMV die Verbindungslehrkraft gew\u00e4hlt.<\/p>\n<p>Anschlie\u00dfend w\u00e4hlen alle Sch\u00fclerinnen und Sch\u00fcler die Sch\u00fclersprecherin\/den Sch\u00fclersprecher und den Stellvertreter.<\/p>\n<hr \/>\n<h4><span style=\"color: #800080;\">Klassensprecher*innen und Stellvertreter*innen<br \/>\n<\/span><\/h4>\n<p>(Werden in n\u00e4chster Zeit gew\u00e4hlt.)<\/p>\n<h4><span style=\"color: #800080;\">Sch\u00fclersprecher*in und Stellvertreter*in<\/span><\/h4>\n<p>Sch\u00fclersprecherin:<\/p>\n<p>Stellvertreterin:<\/p>\n<h4><span style=\"color: #800080;\">Verbindungslehrkraft<\/span><\/h4>\n<p>Herr Huber<\/p>\n","protected":false},"excerpt":{"rendered":"<p>Die Sch\u00fclermitverantwortung (SMV) setzt sich zusammen aus den Klassensprechern und -sprecherinnen und den jeweiligen Stellvertretern ab\u00a0 der 5. Klassenstufe. In &hellip; <\/p>\n","protected":false},"author":1,"featured_media":0,"parent":121,"menu_order":0,"comment_status":"closed","ping_status":"closed","template":"","meta":{"footnotes":""},"class_list":["post-184","page","type-page","status-publish","hentry"],"_links":{"self":[{"href":"https:\/\/pestalozzischule-eislingen.de\/index.php?rest_route=\/wp\/v2\/pages\/184","targetHints":{"allow":["GET"]}}],"collection":[{"href":"https:\/\/pestalozzischule-eislingen.de\/index.php?rest_route=\/wp\/v2\/pages"}],"about":[{"href":"https:\/\/pestalozzischule-eislingen.de\/index.php?rest_route=\/wp\/v2\/types\/page"}],"author":[{"embeddable":true,"href":"https:\/\/pestalozzischule-eislingen.de\/index.php?rest_route=\/wp\/v2\/users\/1"}],"replies":[{"embeddable":true,"href":"https:\/\/pestalozzischule-eislingen.de\/index.php?rest_route=%2Fwp%2Fv2%2Fcomments&post=184"}],"version-history":[{"count":22,"href":"https:\/\/pestalozzischule-eislingen.de\/index.php?rest_route=\/wp\/v2\/pages\/184\/revisions"}],"predecessor-version":[{"id":1318,"href":"https:\/\/pestalozzischule-eislingen.de\/index.php?rest_route=\/wp\/v2\/pages\/184\/revisions\/1318"}],"up":[{"embeddable":true,"href":"https:\/\/pestalozzischule-eislingen.de\/index.php?rest_route=\/wp\/v2\/pages\/121"}],"wp:attachment":[{"href":"https:\/\/pestalozzischule-eislingen.de\/index.php?rest_route=%2Fwp%2Fv2%2Fmedia&parent=184"}],"curies":[{"name":"wp","href":"https:\/\/api.w.org\/{rel}","templated":true}]}}