{"id":187,"date":"2020-11-08T18:54:39","date_gmt":"2020-11-08T17:54:39","guid":{"rendered":"http:\/\/iarbxria.web.belwue.de\/?page_id=187"},"modified":"2022-10-11T13:44:46","modified_gmt":"2022-10-11T11:44:46","slug":"bildung-2","status":"publish","type":"page","link":"https:\/\/pestalozzischule-eislingen.de\/?page_id=187","title":{"rendered":"Bildung"},"content":{"rendered":"<p><img loading=\"lazy\" decoding=\"async\" class=\"alignnone wp-image-48 size-medium\" src=\"https:\/\/pestalozzischule-eislingen.de\/wp-content\/uploads\/2020\/11\/abc-300x107.jpg\" alt=\"ABC\" width=\"300\" height=\"107\" srcset=\"https:\/\/pestalozzischule-eislingen.de\/wp-content\/uploads\/2020\/11\/abc-300x107.jpg 300w, https:\/\/pestalozzischule-eislingen.de\/wp-content\/uploads\/2020\/11\/abc-768x274.jpg 768w, https:\/\/pestalozzischule-eislingen.de\/wp-content\/uploads\/2020\/11\/abc.jpg 1024w\" sizes=\"auto, (max-width: 300px) 100vw, 300px\" \/><\/p>\n<p>Kinder mit einem festgestellten sonderp\u00e4dagogischen Bildungsanspruch im Bereich Lernen k\u00f6nnen in das <strong>Sonderp\u00e4dagogische Bildungs- und Beratungszentrum (SBBZ)<\/strong> aufgenommen werden.<\/p>\n<p>Unsere Schule umfasst die Klassenstufen <strong>1 bis 9<\/strong>.<\/p>\n<p>Wir sind eine teilweise gebundene <strong>Ganztagesschule<\/strong> f\u00fcr die Sch\u00fclerinnen und Sch\u00fcler der <strong>Klassenstufe 5<\/strong>. Diese sind an vier Tagen in der Woche von 7.30 Uhr bis 15.30 Uhr in der Schule.<\/p>\n<p><img loading=\"lazy\" decoding=\"async\" class=\"alignnone wp-image-286 size-medium\" src=\"https:\/\/pestalozzischule-eislingen.de\/wp-content\/uploads\/2020\/11\/ipad-2-300x169.png\" alt=\"\" width=\"300\" height=\"169\" srcset=\"https:\/\/pestalozzischule-eislingen.de\/wp-content\/uploads\/2020\/11\/ipad-2-300x169.png 300w, https:\/\/pestalozzischule-eislingen.de\/wp-content\/uploads\/2020\/11\/ipad-2.png 640w\" sizes=\"auto, (max-width: 300px) 100vw, 300px\" \/><\/p>\n<p>F\u00fcr uns ist die <strong>Arbeit mit digitalen Medien<\/strong> ein wichtiger Grundsatz. Unsere Schule verf\u00fcgt \u00fcber einen Breitband-<strong>Internetanschluss <\/strong>und <strong>WLAN <\/strong>im gesamten Schulgeb\u00e4ude. F\u00fcr jede Sch\u00fclerin und jeden Sch\u00fcler steht ein <strong>iPad<\/strong> f\u00fcr das unterst\u00fctzende Lernen zur Verf\u00fcgung. Daneben ist jedes Klassenzimmer mit einem <strong>interaktiven Whiteboard<\/strong> und entsprechenden Pr\u00e4sentationsger\u00e4ten ausgestattet.<\/p>\n<p>In regelm\u00e4\u00dfigen Abst\u00e4nden werden die Eltern \u00fcber die Lernfortschritte ihres Kindes informiert und die weiteren <strong>F\u00f6rderma\u00dfnahmen und Ziele gemeinsam besprochen<\/strong> und dokumentiert.<br \/>\nBei entsprechender Entwicklung ist eine Umschulung in die Regelschule nach jeder Klassenstufe m\u00f6glich.<\/p>\n<p>Sch\u00fclerinnen und Sch\u00fcler, die unsere Schule erfolgreich durchlaufen, erhalten den Abschluss des Sonderp\u00e4dagogischen Bildungs- und Beratungszentrums.<\/p>\n<p>Besonderer Wert wird auf den <strong>\u00dcbergang von der Schule in die Ausbildung und Berufswelt<\/strong> gelegt. Neben Betriebspraktika und der engen Kooperation mit der Berufsberatung, besuchen unsere Sch\u00fclerinnen und Sch\u00fcler bereits in der 9. Klasse an einem Tag in der Woche eine Einrichtung der Berufsschule. Dies dient der Vorbereitung auf die Arbeit und den Beruf. Durch diese Ma\u00dfnahmen sind die Aussichten zum Erreichen eines qualifizierten Berufsabschlusses sehr g\u00fcnstig.<\/p>\n<p><img loading=\"lazy\" decoding=\"async\" class=\"alignnone wp-image-285 size-medium\" src=\"https:\/\/pestalozzischule-eislingen.de\/wp-content\/uploads\/2020\/11\/ipad-1-300x200.jpg\" alt=\"\" width=\"300\" height=\"200\" srcset=\"https:\/\/pestalozzischule-eislingen.de\/wp-content\/uploads\/2020\/11\/ipad-1-300x200.jpg 300w, https:\/\/pestalozzischule-eislingen.de\/wp-content\/uploads\/2020\/11\/ipad-1-370x247.jpg 370w, https:\/\/pestalozzischule-eislingen.de\/wp-content\/uploads\/2020\/11\/ipad-1.jpg 640w\" sizes=\"auto, (max-width: 300px) 100vw, 300px\" \/><\/p>\n","protected":false},"excerpt":{"rendered":"<p>Kinder mit einem festgestellten sonderp\u00e4dagogischen Bildungsanspruch im Bereich Lernen k\u00f6nnen in das Sonderp\u00e4dagogische Bildungs- und Beratungszentrum (SBBZ) aufgenommen werden. Unsere &hellip; <\/p>\n","protected":false},"author":1,"featured_media":0,"parent":122,"menu_order":0,"comment_status":"closed","ping_status":"closed","template":"","meta":{"footnotes":""},"class_list":["post-187","page","type-page","status-publish","hentry"],"_links":{"self":[{"href":"https:\/\/pestalozzischule-eislingen.de\/index.php?rest_route=\/wp\/v2\/pages\/187","targetHints":{"allow":["GET"]}}],"collection":[{"href":"https:\/\/pestalozzischule-eislingen.de\/index.php?rest_route=\/wp\/v2\/pages"}],"about":[{"href":"https:\/\/pestalozzischule-eislingen.de\/index.php?rest_route=\/wp\/v2\/types\/page"}],"author":[{"embeddable":true,"href":"https:\/\/pestalozzischule-eislingen.de\/index.php?rest_route=\/wp\/v2\/users\/1"}],"replies":[{"embeddable":true,"href":"https:\/\/pestalozzischule-eislingen.de\/index.php?rest_route=%2Fwp%2Fv2%2Fcomments&post=187"}],"version-history":[{"count":13,"href":"https:\/\/pestalozzischule-eislingen.de\/index.php?rest_route=\/wp\/v2\/pages\/187\/revisions"}],"predecessor-version":[{"id":948,"href":"https:\/\/pestalozzischule-eislingen.de\/index.php?rest_route=\/wp\/v2\/pages\/187\/revisions\/948"}],"up":[{"embeddable":true,"href":"https:\/\/pestalozzischule-eislingen.de\/index.php?rest_route=\/wp\/v2\/pages\/122"}],"wp:attachment":[{"href":"https:\/\/pestalozzischule-eislingen.de\/index.php?rest_route=%2Fwp%2Fv2%2Fmedia&parent=187"}],"curies":[{"name":"wp","href":"https:\/\/api.w.org\/{rel}","templated":true}]}}