{"id":189,"date":"2020-11-08T18:54:39","date_gmt":"2020-11-08T17:54:39","guid":{"rendered":"http:\/\/iarbxria.web.belwue.de\/?page_id=189"},"modified":"2022-09-24T13:12:07","modified_gmt":"2022-09-24T11:12:07","slug":"sonderpaedagogischer-dienst-2","status":"publish","type":"page","link":"https:\/\/pestalozzischule-eislingen.de\/?page_id=189","title":{"rendered":"Sonderp\u00e4dagogischer Dienst"},"content":{"rendered":"<p><img loading=\"lazy\" decoding=\"async\" class=\"alignnone wp-image-60\" src=\"http:\/\/iarbxria.web.belwue.de\/wp-content\/uploads\/2020\/11\/logo-sopaedi-300x300.jpg\" alt=\"Logo Sop\u00e4Di\" width=\"230\" height=\"230\" srcset=\"https:\/\/pestalozzischule-eislingen.de\/wp-content\/uploads\/2020\/11\/logo-sopaedi-300x300.jpg 300w, https:\/\/pestalozzischule-eislingen.de\/wp-content\/uploads\/2020\/11\/logo-sopaedi-150x150.jpg 150w, https:\/\/pestalozzischule-eislingen.de\/wp-content\/uploads\/2020\/11\/logo-sopaedi-70x70.jpg 70w, https:\/\/pestalozzischule-eislingen.de\/wp-content\/uploads\/2020\/11\/logo-sopaedi-246x246.jpg 246w, https:\/\/pestalozzischule-eislingen.de\/wp-content\/uploads\/2020\/11\/logo-sopaedi-276x276.jpg 276w, https:\/\/pestalozzischule-eislingen.de\/wp-content\/uploads\/2020\/11\/logo-sopaedi-125x125.jpg 125w, https:\/\/pestalozzischule-eislingen.de\/wp-content\/uploads\/2020\/11\/logo-sopaedi.jpg 640w\" sizes=\"auto, (max-width: 230px) 100vw, 230px\" \/><\/p>\n<p>Der <strong>sonderp\u00e4dagogische Dienst<\/strong> ist ein Angebot f\u00fcr Eltern, Lehrkr\u00e4fte der allgemeinen Schulen und im unmittelbaren Vorschulbereich auch f\u00fcr die Erzieherkr\u00e4fte.<\/p>\n<p>Im schulischen Bereich kann nach Einverst\u00e4ndnis der Eltern der sonderp\u00e4dagogische Dienst dann hinzugezogen werden, wenn ein <strong>Kind erhebliche Schwierigkeiten im Erreichen der Ziele der Regelschule hat. <\/strong>Auch im unmittelbaren Vorschulbereich kann nach Zustimmung der Eltern ebenfalls der sonderp\u00e4dagogische Dienst beratend t\u00e4tig werden.<\/p>\n<p><img loading=\"lazy\" decoding=\"async\" class=\"alignnone wp-image-69\" src=\"http:\/\/iarbxria.web.belwue.de\/wp-content\/uploads\/2020\/11\/schueler3-300x200.jpg\" alt=\"\u00dcberforderung\" width=\"357\" height=\"238\" srcset=\"https:\/\/pestalozzischule-eislingen.de\/wp-content\/uploads\/2020\/11\/schueler3-300x200.jpg 300w, https:\/\/pestalozzischule-eislingen.de\/wp-content\/uploads\/2020\/11\/schueler3-768x512.jpg 768w, https:\/\/pestalozzischule-eislingen.de\/wp-content\/uploads\/2020\/11\/schueler3.jpg 1024w\" sizes=\"auto, (max-width: 357px) 100vw, 357px\" \/><\/p>\n<p>In beiden F\u00e4llen arbeitet eine sonderp\u00e4dagogische Lehrkraft mit dem Kind und f\u00fchrt anschlie\u00dfend ein <strong>Beratungsgespr\u00e4ch<\/strong> mit den Eltern, der Klassenlehrkraft bzw. Erzieherkraft und evtl. weiteren mit dem Kind befassten Personen.<\/p>\n<p>Die Eltern k\u00f6nnen dann einen <strong>Antrag auf \u00dcberpr\u00fcfung eines sonderp\u00e4dagogischen Bildungsanpruchs<\/strong> stellen. Den Antrag dazu gibt es unter dem Men\u00fcpunkt Service\/Vordrucke zum Download oder gleich <a href=\"http:\/\/s915407004.online.de\/wp-content\/uploads\/2020\/12\/Einverstaendnis-SopaedD-2020-Eltern.pdf\" target=\"_blank\" rel=\"noreferrer noopener\" aria-label=\"hier (\u00f6ffnet in neuem Tab)\">hier<\/a>.<\/p>\n<p>In diesem Schuljahr sind Frau Helmer und Frau Kubitschek im sonderp\u00e4dagogischen Dienst t\u00e4tig.<\/p>\n","protected":false},"excerpt":{"rendered":"<p>Der sonderp\u00e4dagogische Dienst ist ein Angebot f\u00fcr Eltern, Lehrkr\u00e4fte der allgemeinen Schulen und im unmittelbaren Vorschulbereich auch f\u00fcr die Erzieherkr\u00e4fte. &hellip; <\/p>\n","protected":false},"author":1,"featured_media":0,"parent":122,"menu_order":0,"comment_status":"closed","ping_status":"closed","template":"","meta":{"footnotes":""},"class_list":["post-189","page","type-page","status-publish","hentry"],"_links":{"self":[{"href":"https:\/\/pestalozzischule-eislingen.de\/index.php?rest_route=\/wp\/v2\/pages\/189","targetHints":{"allow":["GET"]}}],"collection":[{"href":"https:\/\/pestalozzischule-eislingen.de\/index.php?rest_route=\/wp\/v2\/pages"}],"about":[{"href":"https:\/\/pestalozzischule-eislingen.de\/index.php?rest_route=\/wp\/v2\/types\/page"}],"author":[{"embeddable":true,"href":"https:\/\/pestalozzischule-eislingen.de\/index.php?rest_route=\/wp\/v2\/users\/1"}],"replies":[{"embeddable":true,"href":"https:\/\/pestalozzischule-eislingen.de\/index.php?rest_route=%2Fwp%2Fv2%2Fcomments&post=189"}],"version-history":[{"count":7,"href":"https:\/\/pestalozzischule-eislingen.de\/index.php?rest_route=\/wp\/v2\/pages\/189\/revisions"}],"predecessor-version":[{"id":831,"href":"https:\/\/pestalozzischule-eislingen.de\/index.php?rest_route=\/wp\/v2\/pages\/189\/revisions\/831"}],"up":[{"embeddable":true,"href":"https:\/\/pestalozzischule-eislingen.de\/index.php?rest_route=\/wp\/v2\/pages\/122"}],"wp:attachment":[{"href":"https:\/\/pestalozzischule-eislingen.de\/index.php?rest_route=%2Fwp%2Fv2%2Fmedia&parent=189"}],"curies":[{"name":"wp","href":"https:\/\/api.w.org\/{rel}","templated":true}]}}