{"id":190,"date":"2020-11-08T18:54:39","date_gmt":"2020-11-08T17:54:39","guid":{"rendered":"http:\/\/iarbxria.web.belwue.de\/?page_id=190"},"modified":"2025-04-04T14:08:25","modified_gmt":"2025-04-04T12:08:25","slug":"inklusion-2","status":"publish","type":"page","link":"https:\/\/pestalozzischule-eislingen.de\/?page_id=190","title":{"rendered":"Inklusion"},"content":{"rendered":"<p><img loading=\"lazy\" decoding=\"async\" class=\"alignnone size-medium wp-image-59\" src=\"https:\/\/pestalozzischule-eislingen.de\/wp-content\/uploads\/2020\/11\/lernen1-300x200.jpg\" alt=\"Inklusion\" width=\"300\" height=\"200\" srcset=\"https:\/\/pestalozzischule-eislingen.de\/wp-content\/uploads\/2020\/11\/lernen1-300x200.jpg 300w, https:\/\/pestalozzischule-eislingen.de\/wp-content\/uploads\/2020\/11\/lernen1-768x512.jpg 768w, https:\/\/pestalozzischule-eislingen.de\/wp-content\/uploads\/2020\/11\/lernen1.jpg 1024w\" sizes=\"auto, (max-width: 300px) 100vw, 300px\" \/><\/p>\n<p>Eltern, deren Kind einen festgestellten <strong>Anspruch auf ein sonderp\u00e4dagogisches Bildungsangebot<\/strong> hat, k\u00f6nnen sich neben dem Besuch des entsprechenden SBBZs auch f\u00fcr eine <strong>inklusive Beschulung<\/strong> ihres Kindes in der Regelschule entscheiden.<\/p>\n<p>Die Sch\u00fclerinnen und Sch\u00fcler besuchen nach Entscheidung des Schulamtes dann eine allgemeine Schule, werden dort jedoch nach dem Bildungsplan des entsprechenden F\u00f6rderschwerpunkts, z. B. dem SBBZ Lernen (Bildungsplan F\u00f6rderschule) unterrichtet.<\/p>\n<p>Die Pestalozzischule Eislingen als zust\u00e4ndiges SBBZ mit dem F\u00f6rderschwerpunkt Lernen unterst\u00fctzt diese Sch\u00fclerinnen und Sch\u00fcler an den jeweiligen Schulen.<\/p>\n<p>Wir haben derzeit Inklusionsgruppen in folgenden Schulen:<\/p>\n<ul>\n<li>\u00a0Friedrich Schiller Gemeinschaftsschule Eislingen<\/li>\n<\/ul>\n<p>&nbsp;<\/p>\n","protected":false},"excerpt":{"rendered":"<p>Eltern, deren Kind einen festgestellten Anspruch auf ein sonderp\u00e4dagogisches Bildungsangebot hat, k\u00f6nnen sich neben dem Besuch des entsprechenden SBBZs auch &hellip; <\/p>\n","protected":false},"author":1,"featured_media":0,"parent":122,"menu_order":0,"comment_status":"closed","ping_status":"closed","template":"","meta":{"footnotes":""},"class_list":["post-190","page","type-page","status-publish","hentry"],"_links":{"self":[{"href":"https:\/\/pestalozzischule-eislingen.de\/index.php?rest_route=\/wp\/v2\/pages\/190","targetHints":{"allow":["GET"]}}],"collection":[{"href":"https:\/\/pestalozzischule-eislingen.de\/index.php?rest_route=\/wp\/v2\/pages"}],"about":[{"href":"https:\/\/pestalozzischule-eislingen.de\/index.php?rest_route=\/wp\/v2\/types\/page"}],"author":[{"embeddable":true,"href":"https:\/\/pestalozzischule-eislingen.de\/index.php?rest_route=\/wp\/v2\/users\/1"}],"replies":[{"embeddable":true,"href":"https:\/\/pestalozzischule-eislingen.de\/index.php?rest_route=%2Fwp%2Fv2%2Fcomments&post=190"}],"version-history":[{"count":10,"href":"https:\/\/pestalozzischule-eislingen.de\/index.php?rest_route=\/wp\/v2\/pages\/190\/revisions"}],"predecessor-version":[{"id":1409,"href":"https:\/\/pestalozzischule-eislingen.de\/index.php?rest_route=\/wp\/v2\/pages\/190\/revisions\/1409"}],"up":[{"embeddable":true,"href":"https:\/\/pestalozzischule-eislingen.de\/index.php?rest_route=\/wp\/v2\/pages\/122"}],"wp:attachment":[{"href":"https:\/\/pestalozzischule-eislingen.de\/index.php?rest_route=%2Fwp%2Fv2%2Fmedia&parent=190"}],"curies":[{"name":"wp","href":"https:\/\/api.w.org\/{rel}","templated":true}]}}