{"id":191,"date":"2020-11-08T18:54:39","date_gmt":"2020-11-08T17:54:39","guid":{"rendered":"http:\/\/iarbxria.web.belwue.de\/?page_id=191"},"modified":"2025-04-04T14:13:28","modified_gmt":"2025-04-04T12:13:28","slug":"infos-fuer-eltern-2","status":"publish","type":"page","link":"https:\/\/pestalozzischule-eislingen.de\/?page_id=191","title":{"rendered":"Infos f\u00fcr Eltern"},"content":{"rendered":"<hr \/>\n<p><a href=\"https:\/\/sdui.de\" target=\"_blank\" rel=\"noopener\"><img loading=\"lazy\" decoding=\"async\" class=\"alignnone size-full wp-image-1314\" src=\"https:\/\/pestalozzischule-eislingen.de\/wp-content\/uploads\/2023\/09\/Sdui_Logo-PNG-100px.png\" alt=\"\" width=\"110\" height=\"51\" \/><\/a><\/p>\n<p>In diesem Schuljahr nutzen wir die App &#8222;Sdui&#8220; zum Informationsaustausch mit Eltern und Sch\u00fclern.<\/p>\n<p>Dazu wird ein Zugangscode ben\u00f6tigt, den Sie bei der Schulleitung erhalten.<\/p>\n<p>Die App selbst erhalten Sie entweder \u00fcber den <a href=\"https:\/\/play.google.com\/store\/search?q=sdui&amp;c=apps\" target=\"_blank\" rel=\"noopener\">Google Play Store<\/a> (f\u00fcr Android Smartphones) oder \u00fcber den <a href=\"https:\/\/apps.apple.com\/de\/app\/sdui\/id1145264453\" target=\"_blank\" rel=\"noopener\">Apple App Store<\/a> (f\u00fcr iPhones). Sie k\u00f6nnen auch \u00fcber die Internetadresse <a href=\"https:\/\/sdui.app\" target=\"_blank\" rel=\"noopener\">https:\/\/sdui.app<\/a> einen Zugang einrichten<\/p>\n<p>Informationen zur Registrierung erhalten Sie <a href=\"https:\/\/support.sdui.de\/de_DE\/96471-registrierung-und-anmeldung\" target=\"_blank\" rel=\"noopener\">hier<\/a>.<\/p>\n<hr \/>\n<div class=\"entry-content single-entry-content\">\n<p>Hier gibt es den aktuellen <a href=\"https:\/\/pestalozzischule-eislingen.de\/wp-content\/uploads\/2023\/07\/Schulwegplan_PsE_2023.pdf\" target=\"_blank\" rel=\"noopener\">Schulwegeplan <\/a>und hier den <a href=\"https:\/\/pestalozzischule-eislingen.de\/wp-content\/uploads\/2023\/09\/2023_RSWP_Pes.pdf\" target=\"_blank\" rel=\"noopener\">Radwegeplan<\/a> unserer Schule.<\/p>\n<\/div>\n<hr \/>\n<p><strong>Schuljahreskalender 2024\/25:<\/strong><\/p>\n<p><a href=\"https:\/\/pestalozzischule-eislingen.de\/wp-content\/uploads\/2024\/03\/Schulferienkalender-PsE-2024-25.pdf\" target=\"_blank\" rel=\"noopener\"><img loading=\"lazy\" decoding=\"async\" class=\"alignnone wp-image-1375 size-medium\" src=\"https:\/\/pestalozzischule-eislingen.de\/wp-content\/uploads\/2024\/03\/ferien24-25-300x215.png\" alt=\"Schuljahreskalender 2024\/25\" width=\"300\" height=\"215\" srcset=\"https:\/\/pestalozzischule-eislingen.de\/wp-content\/uploads\/2024\/03\/ferien24-25-300x215.png 300w, https:\/\/pestalozzischule-eislingen.de\/wp-content\/uploads\/2024\/03\/ferien24-25.png 391w\" sizes=\"auto, (max-width: 300px) 100vw, 300px\" \/><\/a><\/p>\n<p><em>(Mit Klick auf des Bild wird eine pdf-Datei zum Ausdrucken oder Herunterladen ge\u00f6ffnet.)<\/em><\/p>\n<hr \/>\n<p>&nbsp;<\/p>\n","protected":false},"excerpt":{"rendered":"<p>In diesem Schuljahr nutzen wir die App &#8222;Sdui&#8220; zum Informationsaustausch mit Eltern und Sch\u00fclern. Dazu wird ein Zugangscode ben\u00f6tigt, den &hellip; <\/p>\n","protected":false},"author":1,"featured_media":0,"parent":0,"menu_order":0,"comment_status":"closed","ping_status":"closed","template":"","meta":{"footnotes":""},"class_list":["post-191","page","type-page","status-publish","hentry"],"_links":{"self":[{"href":"https:\/\/pestalozzischule-eislingen.de\/index.php?rest_route=\/wp\/v2\/pages\/191","targetHints":{"allow":["GET"]}}],"collection":[{"href":"https:\/\/pestalozzischule-eislingen.de\/index.php?rest_route=\/wp\/v2\/pages"}],"about":[{"href":"https:\/\/pestalozzischule-eislingen.de\/index.php?rest_route=\/wp\/v2\/types\/page"}],"author":[{"embeddable":true,"href":"https:\/\/pestalozzischule-eislingen.de\/index.php?rest_route=\/wp\/v2\/users\/1"}],"replies":[{"embeddable":true,"href":"https:\/\/pestalozzischule-eislingen.de\/index.php?rest_route=%2Fwp%2Fv2%2Fcomments&post=191"}],"version-history":[{"count":41,"href":"https:\/\/pestalozzischule-eislingen.de\/index.php?rest_route=\/wp\/v2\/pages\/191\/revisions"}],"predecessor-version":[{"id":303,"href":"https:\/\/pestalozzischule-eislingen.de\/index.php?rest_route=\/wp\/v2\/pages\/191\/revisions\/303"}],"wp:attachment":[{"href":"https:\/\/pestalozzischule-eislingen.de\/index.php?rest_route=%2Fwp%2Fv2%2Fmedia&parent=191"}],"curies":[{"name":"wp","href":"https:\/\/api.w.org\/{rel}","templated":true}]}}