{"id":192,"date":"2020-11-08T18:54:39","date_gmt":"2020-11-08T17:54:39","guid":{"rendered":"http:\/\/iarbxria.web.belwue.de\/?page_id=192"},"modified":"2024-07-21T18:12:41","modified_gmt":"2024-07-21T16:12:41","slug":"vordrucke-2","status":"publish","type":"page","link":"https:\/\/pestalozzischule-eislingen.de\/?page_id=192","title":{"rendered":"Vordrucke"},"content":{"rendered":"<p>Hier einige wichtige Vordrucke zum Herunterladen f\u00fcr Eltern, Schulen oder Kindertageseinrichtungen, die in Zusammenhang mit unserer Schule stehen:<\/p>\n<p class=\"has-medium-font-size\"><strong>F\u00fcr Eltern, deren Kind die Pestalozzischule besucht:<\/strong><\/p>\n<ul>\n<li><a href=\"http:\/\/s915407004.online.de\/wp-content\/uploads\/2020\/12\/Schulbesuchspflicht-Eislingen.pdf\" target=\"_blank\" rel=\"noopener\">Allgemeine Information zum Vers\u00e4umen des Unterrichts <\/a>(Anschreiben aller Eislinger Schulen)<\/li>\n<li><a href=\"http:\/\/s915407004.online.de\/wp-content\/uploads\/2020\/12\/Vorlage_Entschuldigung.pdf\" target=\"_blank\" rel=\"noopener\">Vordruck f\u00fcr die schriftliche Entschuldigung<\/a><\/li>\n<li><a href=\"https:\/\/pestalozzischule-eislingen.de\/wp-content\/uploads\/2024\/03\/ferien24-25.png\" target=\"_blank\" rel=\"noopener\">Schulferienkalender f\u00fcr das Schuljahr 2024\/2025<\/a><\/li>\n<\/ul>\n<hr \/>\n<p class=\"has-medium-font-size\"><strong>F\u00fcr Eltern, die ein Kind zum sonderp\u00e4dagogischen Dienst anmelden m\u00f6chten:<\/strong><\/p>\n<ul>\n<li><a href=\"https:\/\/pestalozzischule-eislingen.de\/wp-content\/uploads\/2023\/03\/Einverstaendnis-SopaedD-2022-Eltern.pdf\" target=\"_blank\" rel=\"noopener\">Einverst\u00e4ndniserkl\u00e4rung\/Anmeldung f\u00fcr den sonderp\u00e4dagogischen Dienst<\/a><\/li>\n<\/ul>\n<hr \/>\n<p class=\"has-medium-font-size\"><strong>F\u00fcr Lehrkr\u00e4fte, die zur Meldung Informationen weitergeben:<\/strong><\/p>\n<ul>\n<li><a href=\"https:\/\/pestalozzischule-eislingen.de\/wp-content\/uploads\/2023\/03\/Lehrkraft-SopaedD.pdf\" target=\"_blank\" rel=\"noopener\">Vordruck f\u00fcr Informationen zum Lern-, Arbeits- und Sozialverhalten<\/a> (bitte der Einverst\u00e4ndniserkl\u00e4rung der Eltern beilegen)<\/li>\n<\/ul>\n<hr \/>\n<p><strong>Externe Links:<\/strong><\/p>\n<p>HINWEIS: Die Links werden in einem neuen Tab ge\u00f6ffnet und unsere Seite wird dadurch verlassen.<\/p>\n<ul>\n<li><a href=\"http:\/\/schulamt-goeppingen.de\/,Lde\/Startseite\/Service\/Formulare\" target=\"_blank\" rel=\"noreferrer noopener\" aria-label=\"Vordrucke des Staatlichen Schulamtes G\u00f6ppingen (\u00f6ffnet in neuem Tab)\">Vordrucke des Staatlichen Schulamtes G\u00f6ppingen<\/a><\/li>\n<li><a href=\"http:\/\/schulamt-goeppingen.de\/,Lde\/Startseite\/Schulen\/Inklusion\" target=\"_blank\" rel=\"noreferrer noopener\" aria-label=\" (\u00f6ffnet in neuem Tab)\">Begleitstelle Inklusion beim Staatlichen Schulamt G\u00f6ppingen<\/a><\/li>\n<\/ul>\n<hr \/>\n<p>&nbsp;<\/p>\n","protected":false},"excerpt":{"rendered":"<p>Hier einige wichtige Vordrucke zum Herunterladen f\u00fcr Eltern, Schulen oder Kindertageseinrichtungen, die in Zusammenhang mit unserer Schule stehen: F\u00fcr Eltern, &hellip; <\/p>\n","protected":false},"author":1,"featured_media":0,"parent":0,"menu_order":0,"comment_status":"closed","ping_status":"closed","template":"","meta":{"footnotes":""},"class_list":["post-192","page","type-page","status-publish","hentry"],"_links":{"self":[{"href":"https:\/\/pestalozzischule-eislingen.de\/index.php?rest_route=\/wp\/v2\/pages\/192","targetHints":{"allow":["GET"]}}],"collection":[{"href":"https:\/\/pestalozzischule-eislingen.de\/index.php?rest_route=\/wp\/v2\/pages"}],"about":[{"href":"https:\/\/pestalozzischule-eislingen.de\/index.php?rest_route=\/wp\/v2\/types\/page"}],"author":[{"embeddable":true,"href":"https:\/\/pestalozzischule-eislingen.de\/index.php?rest_route=\/wp\/v2\/users\/1"}],"replies":[{"embeddable":true,"href":"https:\/\/pestalozzischule-eislingen.de\/index.php?rest_route=%2Fwp%2Fv2%2Fcomments&post=192"}],"version-history":[{"count":27,"href":"https:\/\/pestalozzischule-eislingen.de\/index.php?rest_route=\/wp\/v2\/pages\/192\/revisions"}],"predecessor-version":[{"id":1395,"href":"https:\/\/pestalozzischule-eislingen.de\/index.php?rest_route=\/wp\/v2\/pages\/192\/revisions\/1395"}],"wp:attachment":[{"href":"https:\/\/pestalozzischule-eislingen.de\/index.php?rest_route=%2Fwp%2Fv2%2Fmedia&parent=192"}],"curies":[{"name":"wp","href":"https:\/\/api.w.org\/{rel}","templated":true}]}}