{"id":194,"date":"2020-11-08T18:54:39","date_gmt":"2020-11-08T17:54:39","guid":{"rendered":"http:\/\/iarbxria.web.belwue.de\/?page_id=194"},"modified":"2025-04-04T14:02:14","modified_gmt":"2025-04-04T12:02:14","slug":"impressum-2","status":"publish","type":"page","link":"https:\/\/pestalozzischule-eislingen.de\/?page_id=194","title":{"rendered":"Impressum"},"content":{"rendered":"<p><strong>Herausgeber:<\/strong><br \/>\nLand Baden-W\u00fcrttemberg,<br \/>\nvertreten durch die<br \/>\nPestalozzischule Eislingen<br \/>\nEbertstr. 31<br \/>\nTel.: 07161\/984630<br \/>\nFax: 07161\/9846319<br \/>\nE-Mail: <a>kontakt@pestalozzischule-eislingen.de<\/a><\/p>\n<p>Vertretungsberechtigter:<br \/>\nLisa Mauch<br \/>\nkontakt@pestalozzischule-eislingen.de<strong><br \/>\n<\/strong><\/p>\n<p><strong>Verantwortlich im Sinne von \u00a7 55 RStV<\/strong><br \/>\nPestalozzischule Eislingen<br \/>\nEbertstr. 31<br \/>\n73054 Eislingen<br \/>\nTel.: 07161\/984630<br \/>\nFax: 07161\/9846319<br \/>\nE-Mail: <a>kontakt@pestalozzischule-eislingen.de<\/a><\/p>\n<p>Verantwortliche Person:<br \/>\nLisa Mauch<br \/>\nPestalozzischule Eislingen<br \/>\nEbertstr. 31<br \/>\nTel.: 07161\/984630<br \/>\nFax: 07161\/9846319<br \/>\nE-Mail: <a>kontakt@pestalozzischule-eislingen.de<\/a><\/p>\n<p><strong>Schultr\u00e4ger:<\/strong><br \/>\nStadt Eislingen<br \/>\nSchlossplatz 1<br \/>\n73054 Eislingen<br \/>\nTel.: 07161\/8040<br \/>\nE-Mail: <a>stadtinfo@eislingen.de<\/a><\/p>\n<p><strong>Rechtliche Hinweise<\/strong><\/p>\n<p><em>Urheberrecht<\/em><br \/>\nTexte, Bilder, Grafiken und Fotos sowie die Gestaltung dieser Internetseiten unterliegen dem Urheberrecht. Sie d\u00fcrfen von Ihnen nur zum privaten und sonstigen eigenen Gebrauch im Rahmen des \u00a7 53 Urheberrechtsgesetz (UrhG) ohne jede \u00c4nderung vervielf\u00e4ltigt werden. Eine Verbreitung von Kopien (analog oder digital) oder Ausz\u00fcgen ist nur mit schriftlicher Genehmigung zul\u00e4ssig. Der Nachdruck und die Auswertung von Pressemitteilungen und Reden sind mit Quellenangabe gestattet.<br \/>\nTexte, Bilder, Grafiken und sonstige Materialien k\u00f6nnen ganz oder teilweise dem Urheberrecht Dritter unterliegen. Die Inhalte Dritter sind als solche kenntlich gemacht und d\u00fcrfen ohne Einwilligung des Rechteinhabers nicht vervielf\u00e4ltigt, \u00f6ffentlich zug\u00e4nglich gemacht oder \u00f6ffentlich wiedergegeben werden.<\/p>\n<p><em>Haftung f\u00fcr Inhalte<\/em><br \/>\nDie Informationen, die Sie auf diesem Internetauftritt vorfinden, wurden nach bestem Wissen und Gewissen sorgf\u00e4ltig zusammengestellt und gepr\u00fcft. F\u00fcr die Richtigkeit, Vollst\u00e4ndigkeit, Aktualit\u00e4t oder Qualit\u00e4t und jederzeitige Verf\u00fcgbarkeit der bereit gestellten Informationen wird jedoch keine Gew\u00e4hr \u00fcbernommen.<br \/>\nDiensteanbieter sind gem\u00e4\u00df \u00a7 7 Abs.1 TMG f\u00fcr eigene Inhalte auf diesen Seiten nach den allgemeinen Gesetzen verantwortlich. Diensteanbieter sind jedoch nicht verpflichtet, \u00fcbermittelte oder gespeicherte fremde Informationen zu \u00fcberwachen oder nach Umst\u00e4nden zu forschen, die auf eine rechtswidrige T\u00e4tigkeit hinweisen. Verpflichtungen zur Entfernung oder Sperrung der Nutzung von Informationen nach den allgemeinen Gesetzen bleiben hiervon unber\u00fchrt.<br \/>\nDieser Internetauftritt enth\u00e4lt auch Links oder Verweise auf Internetauftritte Dritter. Diese Links zu den Internetauftritten Dritter stellen keine Zustimmung zu deren Inhalten durch den Herausgeber dar. F\u00fcr die Inhalte der externen Links sind die jeweiligen Anbieter oder Betreiber (Urheber) der Seiten verantwortlich. Mit den Links zu anderen Internetauftritten wird den Nutzern lediglich der Zugang zur Nutzung der Inhalte vermittelt. Die externen Links wurden zum Zeitpunkt der Linksetzung nach bestem Wissen und Gewissen auf eventuelle Rechtsverst\u00f6\u00dfe \u00fcberpr\u00fcft. Eine st\u00e4ndige inhaltliche \u00dcberpr\u00fcfung der externen Links ist ohne konkrete Anhaltspunkte einer Rechtsverletzung nicht m\u00f6glich. Bei Verlinkungen auf die Webseiten Dritter, die au\u00dferhalb des Verantwortungsbereichs des Herausgebers liegen, w\u00fcrde eine Haftungsverpflichtung nur bestehen, wenn der Herausgeber von den rechtswidrigen Inhalten Kenntnis erlangen und es technisch m\u00f6glich und zumutbar w\u00e4re, die Nutzung dieser Inhalte zu verhindern. Sollten Sie der Ansicht sein, dass die verlinkten externen Seiten gegen geltendes Recht versto\u00dfen oder sonst unangemessene Inhalte haben, so teilen Sie uns dies bitte mit.<\/p>\n","protected":false},"excerpt":{"rendered":"<p>Herausgeber: Land Baden-W\u00fcrttemberg, vertreten durch die Pestalozzischule Eislingen Ebertstr. 31 Tel.: 07161\/984630 Fax: 07161\/9846319 E-Mail: kontakt@pestalozzischule-eislingen.de Vertretungsberechtigter: Lisa Mauch kontakt@pestalozzischule-eislingen.de &hellip; <\/p>\n","protected":false},"author":1,"featured_media":0,"parent":0,"menu_order":0,"comment_status":"closed","ping_status":"closed","template":"","meta":{"footnotes":""},"class_list":["post-194","page","type-page","status-publish","hentry"],"_links":{"self":[{"href":"https:\/\/pestalozzischule-eislingen.de\/index.php?rest_route=\/wp\/v2\/pages\/194","targetHints":{"allow":["GET"]}}],"collection":[{"href":"https:\/\/pestalozzischule-eislingen.de\/index.php?rest_route=\/wp\/v2\/pages"}],"about":[{"href":"https:\/\/pestalozzischule-eislingen.de\/index.php?rest_route=\/wp\/v2\/types\/page"}],"author":[{"embeddable":true,"href":"https:\/\/pestalozzischule-eislingen.de\/index.php?rest_route=\/wp\/v2\/users\/1"}],"replies":[{"embeddable":true,"href":"https:\/\/pestalozzischule-eislingen.de\/index.php?rest_route=%2Fwp%2Fv2%2Fcomments&post=194"}],"version-history":[{"count":6,"href":"https:\/\/pestalozzischule-eislingen.de\/index.php?rest_route=\/wp\/v2\/pages\/194\/revisions"}],"predecessor-version":[{"id":1404,"href":"https:\/\/pestalozzischule-eislingen.de\/index.php?rest_route=\/wp\/v2\/pages\/194\/revisions\/1404"}],"wp:attachment":[{"href":"https:\/\/pestalozzischule-eislingen.de\/index.php?rest_route=%2Fwp%2Fv2%2Fmedia&parent=194"}],"curies":[{"name":"wp","href":"https:\/\/api.w.org\/{rel}","templated":true}]}}