{"id":235,"date":"2020-11-08T19:15:22","date_gmt":"2020-11-08T18:15:22","guid":{"rendered":"http:\/\/iarbxria.web.belwue.de\/?page_id=235"},"modified":"2023-09-30T08:33:09","modified_gmt":"2023-09-30T06:33:09","slug":"kontakt","status":"publish","type":"page","link":"https:\/\/pestalozzischule-eislingen.de\/?page_id=235","title":{"rendered":"Kontakt"},"content":{"rendered":"<hr \/>\n<p><img loading=\"lazy\" decoding=\"async\" class=\"alignnone wp-image-394 size-full\" src=\"https:\/\/pestalozzischule-eislingen.de\/wp-content\/uploads\/2020\/11\/post.png\" alt=\"\" width=\"136\" height=\"134\" srcset=\"https:\/\/pestalozzischule-eislingen.de\/wp-content\/uploads\/2020\/11\/post.png 136w, https:\/\/pestalozzischule-eislingen.de\/wp-content\/uploads\/2020\/11\/post-70x70.png 70w\" sizes=\"auto, (max-width: 136px) 100vw, 136px\" \/><\/p>\n<p><em>Postanschrift:<\/em><br \/>\n<strong>Pestalozzischule Eislingen<\/strong><br \/>\n<strong>Ebertstr. 31<\/strong><br \/>\n<strong>73054 Eislingen<\/strong><\/p>\n<hr \/>\n<p><img loading=\"lazy\" decoding=\"async\" class=\"alignnone wp-image-396 size-full\" src=\"https:\/\/pestalozzischule-eislingen.de\/wp-content\/uploads\/2020\/11\/telefon.png\" alt=\"\" width=\"135\" height=\"135\" srcset=\"https:\/\/pestalozzischule-eislingen.de\/wp-content\/uploads\/2020\/11\/telefon.png 135w, https:\/\/pestalozzischule-eislingen.de\/wp-content\/uploads\/2020\/11\/telefon-70x70.png 70w, https:\/\/pestalozzischule-eislingen.de\/wp-content\/uploads\/2020\/11\/telefon-125x125.png 125w\" sizes=\"auto, (max-width: 135px) 100vw, 135px\" \/><\/p>\n<p><em>Telefon:<\/em> <strong>07161\/984630<\/strong><\/p>\n<p><em>Fax:<\/em> <strong>07161\/9846319<\/strong><\/p>\n<hr \/>\n<p><img loading=\"lazy\" decoding=\"async\" class=\"alignnone wp-image-395 size-full\" src=\"https:\/\/pestalozzischule-eislingen.de\/wp-content\/uploads\/2020\/11\/email.png\" alt=\"\" width=\"136\" height=\"133\" \/><\/p>\n<p><em>E-Mail: <\/em><a href=\"mailto:kontakt@pestalozzischule-eislingen.de\"><strong>kontakt@pestalozzischule-eislingen.de<\/strong><\/a><em><br \/>\n<\/em><\/p>\n<hr \/>\n<p><a href=\"https:\/\/sdui.de\" target=\"_blank\" rel=\"noopener\"><img loading=\"lazy\" decoding=\"async\" class=\"alignnone size-full wp-image-1314\" src=\"https:\/\/pestalozzischule-eislingen.de\/wp-content\/uploads\/2023\/09\/Sdui_Logo-PNG-100px.png\" alt=\"\" width=\"110\" height=\"51\" \/><\/a><\/p>\n<p>F\u00fcr registrierte Eltern und Sch\u00fcler empfehlen wir f\u00fcr die Kontaktaufnahme die Schul-App &#8222;Sdui&#8220;.<\/p>\n","protected":false},"excerpt":{"rendered":"<p>Postanschrift: Pestalozzischule Eislingen Ebertstr. 31 73054 Eislingen Telefon: 07161\/984630 Fax: 07161\/9846319 E-Mail: kontakt@pestalozzischule-eislingen.de F\u00fcr registrierte Eltern und Sch\u00fcler empfehlen wir &hellip; <\/p>\n","protected":false},"author":1,"featured_media":0,"parent":0,"menu_order":0,"comment_status":"closed","ping_status":"closed","template":"","meta":{"footnotes":""},"class_list":["post-235","page","type-page","status-publish","hentry"],"_links":{"self":[{"href":"https:\/\/pestalozzischule-eislingen.de\/index.php?rest_route=\/wp\/v2\/pages\/235","targetHints":{"allow":["GET"]}}],"collection":[{"href":"https:\/\/pestalozzischule-eislingen.de\/index.php?rest_route=\/wp\/v2\/pages"}],"about":[{"href":"https:\/\/pestalozzischule-eislingen.de\/index.php?rest_route=\/wp\/v2\/types\/page"}],"author":[{"embeddable":true,"href":"https:\/\/pestalozzischule-eislingen.de\/index.php?rest_route=\/wp\/v2\/users\/1"}],"replies":[{"embeddable":true,"href":"https:\/\/pestalozzischule-eislingen.de\/index.php?rest_route=%2Fwp%2Fv2%2Fcomments&post=235"}],"version-history":[{"count":10,"href":"https:\/\/pestalozzischule-eislingen.de\/index.php?rest_route=\/wp\/v2\/pages\/235\/revisions"}],"predecessor-version":[{"id":1338,"href":"https:\/\/pestalozzischule-eislingen.de\/index.php?rest_route=\/wp\/v2\/pages\/235\/revisions\/1338"}],"wp:attachment":[{"href":"https:\/\/pestalozzischule-eislingen.de\/index.php?rest_route=%2Fwp%2Fv2%2Fmedia&parent=235"}],"curies":[{"name":"wp","href":"https:\/\/api.w.org\/{rel}","templated":true}]}}